{"id":101,"date":"2013-07-31T18:51:25","date_gmt":"2013-07-31T18:51:25","guid":{"rendered":"http:\/\/www.beyazesyayetkiliservis.com\/?page_id=101"},"modified":"2019-04-18T09:43:04","modified_gmt":"2019-04-18T09:43:04","slug":"buzdolabi-teknik-servisi-gaziantep","status":"publish","type":"page","link":"http:\/\/www.beyazesyayetkiliservis.com\/arcelik\/buzdolabi-teknik-servisi-gaziantep\/","title":{"rendered":"BUZDOLABI"},"content":{"rendered":"<ul>\n<li>\n<h4><span style=\"color: #ff0000;\">Buzdolab\u0131 Teknik Servisi..<a href=\"https:\/\/i1.wp.com\/www.beyazesyayetkiliservis.com\/arcelik\/wp-content\/uploads\/2018\/07\/buzdolab\u0131-servisi-ertekgroup.png\"><img data-attachment-id=\"1233\" data-permalink=\"http:\/\/www.beyazesyayetkiliservis.com\/arcelik\/buzdolabi-teknik-servisi-gaziantep\/buzdolabi-servisi-ertekgroup\/\" data-orig-file=\"https:\/\/i1.wp.com\/www.beyazesyayetkiliservis.com\/arcelik\/wp-content\/uploads\/2018\/07\/buzdolab\u0131-servisi-ertekgroup.png?fit=400%2C267\" data-orig-size=\"400,267\" data-comments-opened=\"1\" data-image-meta=\"{&quot;aperture&quot;:&quot;0&quot;,&quot;credit&quot;:&quot;&quot;,&quot;camera&quot;:&quot;&quot;,&quot;caption&quot;:&quot;&quot;,&quot;created_timestamp&quot;:&quot;0&quot;,&quot;copyright&quot;:&quot;&quot;,&quot;focal_length&quot;:&quot;0&quot;,&quot;iso&quot;:&quot;0&quot;,&quot;shutter_speed&quot;:&quot;0&quot;,&quot;title&quot;:&quot;&quot;,&quot;orientation&quot;:&quot;0&quot;}\" data-image-title=\"buzdolab\u0131-servisi-ertekgroup\" data-image-description=\"&lt;p&gt;buzdolab\u0131 teknik servisi ertek group&lt;\/p&gt;\n\" data-medium-file=\"https:\/\/i1.wp.com\/www.beyazesyayetkiliservis.com\/arcelik\/wp-content\/uploads\/2018\/07\/buzdolab\u0131-servisi-ertekgroup.png?fit=300%2C200\" data-large-file=\"https:\/\/i1.wp.com\/www.beyazesyayetkiliservis.com\/arcelik\/wp-content\/uploads\/2018\/07\/buzdolab\u0131-servisi-ertekgroup.png?fit=400%2C267\" loading=\"lazy\" class=\"alignright size-full wp-image-1233\" src=\"https:\/\/i1.wp.com\/www.beyazesyayetkiliservis.com\/arcelik\/wp-content\/uploads\/2018\/07\/buzdolab\u0131-servisi-ertekgroup.png?resize=400%2C267\" alt=\"\" width=\"400\" height=\"267\" srcset=\"https:\/\/i1.wp.com\/www.beyazesyayetkiliservis.com\/arcelik\/wp-content\/uploads\/2018\/07\/buzdolab\u0131-servisi-ertekgroup.png?w=400 400w, https:\/\/i1.wp.com\/www.beyazesyayetkiliservis.com\/arcelik\/wp-content\/uploads\/2018\/07\/buzdolab\u0131-servisi-ertekgroup.png?resize=300%2C200 300w\" sizes=\"(max-width: 400px) 100vw, 400px\" data-recalc-dims=\"1\" \/><\/a><br \/>\n<\/span><\/h4>\n<\/li>\n<li>\n<h4><\/h4>\n<h4><span style=\"color: #000000;\">&gt;Beyaz e\u015fya teknik servisi Gaziantep buzdolab\u0131 teknik servis destek hizmeti vermektedir.<br \/>\n&gt;Beyaz e\u015fya teknik servisi olarak ar\u0131zalanan buzdolar\u0131n\u0131za m\u00fcdahale etmeden \u00f6nce size buzdolab\u0131 ar\u0131zalar\u0131 i\u00e7in k\u0131saca bilgilendirmekteyiz\u2026<br \/>\n<\/span><\/h4>\n<\/li>\n<\/ul>\n<ul>\n<li>\n<h4><span style=\"color: #ff0000;\">Buz Dolab\u0131 \u00c7al\u0131\u015fm\u0131yor..<\/span><\/h4>\n<h4><span style=\"color: #000000;\">&gt;Buzdolab\u0131n\u0131z\u0131n fi\u015fi prize do\u011fru tak\u0131lm\u0131\u015f m\u0131? Tak\u0131lmam\u0131\u015fsa; buzdolab\u0131n\u0131z\u0131n fi\u015fini prize tak\u0131n.<\/span><br \/>\n<span style=\"color: #000000;\">&gt;Buzdolab\u0131n\u0131z\u0131n ba\u011fland\u0131\u011f\u0131 prizin sigortas\u0131 ya da ana sigortas\u0131<\/span><br \/>\n<span style=\"color: #000000;\">atm\u0131\u015f m\u0131? Atm\u0131\u015fsa sigortay\u0131 kontrol edin.<\/span><\/h4>\n<\/li>\n<li>\n<h4><span style=\"color: #ff0000;\">Buz Dolab\u0131 Sogutucu B\u00f6lmesinin Yan Duvar\u0131nda Terleme Oluyorsa..<\/span><\/h4>\n<h4><span style=\"color: #000000;\">&gt;\u00a0Buzdolab\u0131n\u0131n Kap\u0131s\u0131n\u0131n Cok S\u0131k A\u00e7\u0131l\u0131p Kapalmas\u0131<\/span><\/h4>\n<h4><span style=\"color: #000000;\">&gt;Buzdolab\u0131na a\u00e7\u0131k olarak s\u0131v\u0131 i\u00e7eren g\u0131dalar\u0131n saklanmas\u0131.<\/span><br \/>\n<span style=\"color: #000000;\"><br \/>\n&gt;Buzdolab\u0131 termostat konumunun daha soguk konuma al\u0131nmas\u0131.<\/span><\/h4>\n<\/li>\n<li>\n<h4><span style=\"color: #ff0000;\">Buz Dolab\u0131n\u0131n Kompres\u00f6r\u00fc \u00c7al\u0131\u015fm\u0131yor<\/span><\/h4>\n<h4><span style=\"color: #000000;\">&gt;Buzdolab\u0131 \u00e7al\u0131\u015f\u0131rken ani elekt\u0131r\u0131k kesilmesinde veya fi\u015fin \u00e7\u0131kar\u0131l\u0131p tak\u0131lmas\u0131nda buzdolab\u0131 sogutma sistemindeki gaz\u0131n bas\u0131nc\u0131 hen\u00fcz dengelenmemis oldugu i\u00e7in kompres\u00f6r koruyucu termigi atar.Yakla\u015f\u0131k 6 dakika sonra buzdolab\u0131n\u0131z \u00e7al\u0131\u015fmaya ba\u015fl\u0131cakd\u0131r.<\/span><br \/>\n<span style=\"color: #000000;\">&gt;Buzdolab\u0131n\u0131z\u0131n fi\u015fi prize tak\u0131l\u0131 de\u011fildir. Fi\u015fin prize iyice tak\u0131l\u0131 oldu\u011fundan emin olun.<\/span><\/h4>\n<\/li>\n<li>\n<h4><span style=\"color: #ff0000;\">Buz Dolab\u0131 Sogutucu Dondurucu S\u0131cakl\u0131g\u0131 \u00c7ok D\u00fc\u015f\u00fck Ama Sogutucu S\u0131cakl\u0131g\u0131 Yeterl\u0131<\/span><\/h4>\n<h4><span style=\"color: #000000;\">&gt;Buzdolab\u0131n\u0131n dondurucu b\u00f6lme s\u0131cakl\u0131\u011f\u0131 \u00e7ok d\u00fc\u015f\u00fck bir s\u0131cakl\u0131\u011fa ayarlanm\u0131\u015ft\u0131r.<\/span><br \/>\n<span style=\"color: #000000;\">&gt;Buzdolab\u0131n\u0131n dondurucu b\u00f6lme s\u0131cakl\u0131\u011f\u0131n\u0131 daha y\u00fcksek bir dereceye ayarlay\u0131p kontrol ediniz.<\/span><\/h4>\n<\/li>\n<li>\n<h4><span style=\"color: #ff0000;\">Buz Dolab\u0131 \u00c7al\u0131\u015f\u0131rken \u00c7al\u0131\u015fma Sesi Art\u0131yor..<\/span><\/h4>\n<h4><span style=\"color: #000000;\">&gt;Ortam s\u0131cakl\u0131\u011f\u0131n\u0131n de\u011fi\u015fmesine ba\u011fl\u0131 olarak buzdolab\u0131n\u0131n \u00e7al\u0131\u015fma performans\u0131 de\u011fi\u015febilir.<\/span><br \/>\n<span style=\"color: #000000;\">&gt;Buzdolab\u0131n\u0131zda sars\u0131lma ya da g\u00fcr\u00fclt\u00fc varsa zemin d\u00fcz de\u011fil ya da zay\u0131f olabilir.<\/span><\/h4>\n<\/li>\n<\/ul>\n","protected":false},"excerpt":{"rendered":"<div class=\"slide-text-bg2\">\n<h3>Buzdolab\u0131 Teknik Servisi.. &gt;Beyaz e\u015fya teknik servisi Gaziantep buzdolab\u0131 teknik servis destek hizmeti vermektedir. &gt;Beyaz e\u015fya teknik servisi olarak ar\u0131zalanan<\/h3>\n<\/div>\n<div class=\"flex-btn-div\"><a href=\"http:\/\/www.beyazesyayetkiliservis.com\/arcelik\/buzdolabi-teknik-servisi-gaziantep\/\" class=\"btn1 flex-btn\">Read More<\/a><\/div>\n","protected":false},"author":2,"featured_media":0,"parent":0,"menu_order":0,"comment_status":"closed","ping_status":"closed","template":"","meta":{"spay_email":""},"jetpack_sharing_enabled":true,"jetpack_shortlink":"https:\/\/wp.me\/PamCIO-1D","jetpack-related-posts":[{"id":1581,"url":"http:\/\/www.beyazesyayetkiliservis.com\/arcelik\/sehitkamil-servisi-gaziantep\/","url_meta":{"origin":101,"position":0},"title":"\u015eEH\u0130TKAM\u0130L","date":"Ekim 17, 2018","format":false,"excerpt":"\u015eEH\u0130TKAM\u0130L AR\u00c7EL\u0130K SERV\u0130S\u0130 GAZ\u0130ANTEP Gaziantep ilinde Ar\u00e7elik beyaz e\u015fya teknik servis hizmeti veren firmam\u0131z Ar\u00e7elik markas\u0131n\u0131n \u00f6zel servisligini yapmaktad\u0131r. \u015eehitkamil Ar\u00e7elik servisi olarak evlerinizde kullanmakta oldugunuz ev aletlerinin ar\u0131za \u00e7\u00f6z\u00fcmlerini sizlere biz sunuyoruz. Gaziantep Ilinin \u015eehitkamil b\u00f6lgesine servis ekibi g\u00f6nderimi yapan firmam\u0131z sizlere ar\u0131zal\u0131 cihazlar\u0131n\u0131z\u0131n teknik \u00e7\u00f6z\u00fcm\u00fc konusunda en \u00fcst\u2026","rel":"","context":"Benzer yaz\u0131","img":{"alt_text":"","src":"","width":0,"height":0},"classes":[]},{"id":1647,"url":"http:\/\/www.beyazesyayetkiliservis.com\/arcelik\/karatas-servisi-gaziantep\/","url_meta":{"origin":101,"position":1},"title":"KARATA\u015e","date":"Nisan 16, 2019","format":false,"excerpt":"KARATA\u015e AR\u00c7EL\u0130K SERV\u0130S\u0130 GAZ\u0130ANTEP Gaziantep ilinde Ar\u00e7elik beyaz e\u015fya teknik servis hizmeti veren firmam\u0131z Ar\u00e7elik markas\u0131n\u0131n \u00f6zel servisligini yapmaktad\u0131r. Karata\u015f Ar\u00e7elik servisi olarak evlerinizde kullanmakta oldugunuz ev aletlerinin ar\u0131za \u00e7\u00f6z\u00fcmlerini sizlere biz sunuyoruz. Gaziantep Ilinin Karata\u015f b\u00f6lgesine servis ekibi g\u00f6nderimi yapan firmam\u0131z sizlere ar\u0131zal\u0131 cihazlar\u0131n\u0131z\u0131n teknik \u00e7\u00f6z\u00fcm\u00fc konusunda en \u00fcst\u2026","rel":"","context":"Benzer yaz\u0131","img":{"alt_text":"","src":"","width":0,"height":0},"classes":[]},{"id":1649,"url":"http:\/\/www.beyazesyayetkiliservis.com\/arcelik\/mervesehir-servisi-gaziantep\/","url_meta":{"origin":101,"position":2},"title":"MERVE\u015eEH\u0130R","date":"Nisan 16, 2019","format":false,"excerpt":"MERVE\u015eEH\u0130R AR\u00c7EL\u0130K SERV\u0130S\u0130 GAZ\u0130ANTEP Gaziantep ilinde Ar\u00e7elik beyaz e\u015fya teknik servis hizmeti veren firmam\u0131z Ar\u00e7elik markas\u0131n\u0131n \u00f6zel servisligini yapmaktad\u0131r. Merve\u015fehir Ar\u00e7elik servisi olarak evlerinizde kullanmakta oldugunuz ev aletlerinin ar\u0131za \u00e7\u00f6z\u00fcmlerini sizlere biz sunuyoruz. Gaziantep Ilinin Merve\u015fehir b\u00f6lgesine servis ekibi g\u00f6nderimi yapan firmam\u0131z sizlere ar\u0131zal\u0131 cihazlar\u0131n\u0131z\u0131n teknik \u00e7\u00f6z\u00fcm\u00fc konusunda en \u00fcst\u2026","rel":"","context":"Benzer yaz\u0131","img":{"alt_text":"","src":"","width":0,"height":0},"classes":[]},{"id":1651,"url":"http:\/\/www.beyazesyayetkiliservis.com\/arcelik\/akyol-servisi-gaziantep\/","url_meta":{"origin":101,"position":3},"title":"AKYOL","date":"Nisan 18, 2019","format":false,"excerpt":"AKYOL AR\u00c7EL\u0130K SERV\u0130S\u0130 GAZ\u0130ANTEP Gaziantep ilinde Ar\u00e7elik beyaz e\u015fya teknik servis hizmeti veren firmam\u0131z Ar\u00e7elik markas\u0131n\u0131n \u00f6zel servisligini yapmaktad\u0131r. Akyol Ar\u00e7elik servisi olarak evlerinizde kullanmakta oldugunuz ev aletlerinin ar\u0131za \u00e7\u00f6z\u00fcmlerini sizlere biz sunuyoruz. Gaziantep Ilinin Akyol b\u00f6lgesine servis ekibi g\u00f6nderimi yapan firmam\u0131z sizlere ar\u0131zal\u0131 cihazlar\u0131n\u0131z\u0131n teknik \u00e7\u00f6z\u00fcm\u00fc konusunda en \u00fcst\u2026","rel":"","context":"Benzer yaz\u0131","img":{"alt_text":"","src":"","width":0,"height":0},"classes":[]},{"id":1653,"url":"http:\/\/www.beyazesyayetkiliservis.com\/arcelik\/binevler-servisi-gaziantep\/","url_meta":{"origin":101,"position":4},"title":"B\u0130NEVLER","date":"Nisan 18, 2019","format":false,"excerpt":"B\u0130NEVLER AR\u00c7EL\u0130K SERV\u0130S\u0130 GAZ\u0130ANTEP Gaziantep ilinde Ar\u00e7elik beyaz e\u015fya teknik servis hizmeti veren firmam\u0131z Ar\u00e7elik markas\u0131n\u0131n \u00f6zel servisligini yapmaktad\u0131r. Binevler Ar\u00e7elik servisi olarak evlerinizde kullanmakta oldugunuz ev aletlerinin ar\u0131za \u00e7\u00f6z\u00fcmlerini sizlere biz sunuyoruz. Gaziantep Ilinin Binevler b\u00f6lgesine servis ekibi g\u00f6nderimi yapan firmam\u0131z sizlere ar\u0131zal\u0131 cihazlar\u0131n\u0131z\u0131n teknik \u00e7\u00f6z\u00fcm\u00fc konusunda en \u00fcst\u2026","rel":"","context":"Benzer yaz\u0131","img":{"alt_text":"","src":"","width":0,"height":0},"classes":[]},{"id":1671,"url":"http:\/\/www.beyazesyayetkiliservis.com\/arcelik\/guvenevler-servisi-gaziantep\/","url_meta":{"origin":101,"position":5},"title":"G\u00dcVENEVLER","date":"Temmuz 1, 2019","format":false,"excerpt":"G\u00dcVENEVLER AR\u00c7EL\u0130K SERV\u0130S\u0130 GAZ\u0130ANTEP Gaziantep ilinde Ar\u00e7elik beyaz e\u015fya teknik servis hizmeti veren firmam\u0131z Ar\u00e7elik markas\u0131n\u0131n \u00f6zel servisligini yapmaktad\u0131r. G\u00fcvenevler Ar\u00e7elik servisi olarak evlerinizde kullanmakta oldugunuz ev aletlerinin ar\u0131za \u00e7\u00f6z\u00fcmlerini sizlere biz sunuyoruz. Gaziantep Ilinin G\u00fcvenevler b\u00f6lgesine servis ekibi g\u00f6nderimi yapan firmam\u0131z sizlere ar\u0131zal\u0131 cihazlar\u0131n\u0131z\u0131n teknik \u00e7\u00f6z\u00fcm\u00fc konusunda en \u00fcst\u2026","rel":"","context":"Benzer yaz\u0131","img":{"alt_text":"","src":"","width":0,"height":0},"classes":[]}],"_links":{"self":[{"href":"http:\/\/www.beyazesyayetkiliservis.com\/arcelik\/wp-json\/wp\/v2\/pages\/101"}],"collection":[{"href":"http:\/\/www.beyazesyayetkiliservis.com\/arcelik\/wp-json\/wp\/v2\/pages"}],"about":[{"href":"http:\/\/www.beyazesyayetkiliservis.com\/arcelik\/wp-json\/wp\/v2\/types\/page"}],"author":[{"embeddable":true,"href":"http:\/\/www.beyazesyayetkiliservis.com\/arcelik\/wp-json\/wp\/v2\/users\/2"}],"replies":[{"embeddable":true,"href":"http:\/\/www.beyazesyayetkiliservis.com\/arcelik\/wp-json\/wp\/v2\/comments?post=101"}],"version-history":[{"count":4,"href":"http:\/\/www.beyazesyayetkiliservis.com\/arcelik\/wp-json\/wp\/v2\/pages\/101\/revisions"}],"predecessor-version":[{"id":1668,"href":"http:\/\/www.beyazesyayetkiliservis.com\/arcelik\/wp-json\/wp\/v2\/pages\/101\/revisions\/1668"}],"wp:attachment":[{"href":"http:\/\/www.beyazesyayetkiliservis.com\/arcelik\/wp-json\/wp\/v2\/media?parent=101"}],"curies":[{"name":"wp","href":"https:\/\/api.w.org\/{rel}","templated":true}]}}