{"id":104,"date":"2013-07-31T18:52:51","date_gmt":"2013-07-31T18:52:51","guid":{"rendered":"http:\/\/www.beyazesyayetkiliservis.com\/?page_id=104"},"modified":"2019-04-18T09:52:49","modified_gmt":"2019-04-18T09:52:49","slug":"camasir-makinesi-teknik-servisi-gaziantep","status":"publish","type":"page","link":"http:\/\/www.beyazesyayetkiliservis.com\/arcelik\/camasir-makinesi-teknik-servisi-gaziantep\/","title":{"rendered":"\u00c7AMA\u015eIR MAK\u0130NAS\u0130"},"content":{"rendered":"<header>\n<h3><\/h3>\n<\/header>\n<div>\n<ul>\n<li>\n<h3><span style=\"color: #ff0000;\">\u00c7ama\u015f\u0131r Makinas\u0131 Teknik Servisi..\u00a0\u00a0<a href=\"https:\/\/i2.wp.com\/www.beyazesyayetkiliservis.com\/arcelik\/wp-content\/uploads\/2018\/07\/\u00e7ama\u015f\u0131r-makinas\u0131-servisi-ertekgroup.png\"><img data-attachment-id=\"1234\" data-permalink=\"http:\/\/www.beyazesyayetkiliservis.com\/arcelik\/camasir-makinesi-teknik-servisi-gaziantep\/camasir-makinasi-servisi-ertekgroup\/\" data-orig-file=\"https:\/\/i2.wp.com\/www.beyazesyayetkiliservis.com\/arcelik\/wp-content\/uploads\/2018\/07\/\u00e7ama\u015f\u0131r-makinas\u0131-servisi-ertekgroup.png?fit=400%2C267\" data-orig-size=\"400,267\" data-comments-opened=\"1\" data-image-meta=\"{&quot;aperture&quot;:&quot;0&quot;,&quot;credit&quot;:&quot;&quot;,&quot;camera&quot;:&quot;&quot;,&quot;caption&quot;:&quot;&quot;,&quot;created_timestamp&quot;:&quot;0&quot;,&quot;copyright&quot;:&quot;&quot;,&quot;focal_length&quot;:&quot;0&quot;,&quot;iso&quot;:&quot;0&quot;,&quot;shutter_speed&quot;:&quot;0&quot;,&quot;title&quot;:&quot;&quot;,&quot;orientation&quot;:&quot;0&quot;}\" data-image-title=\"\u00e7ama\u015f\u0131r-makinas\u0131-servisi-ertekgroup\" data-image-description=\"&lt;p&gt;\u00e7ama\u015f\u0131r makinas\u0131 teknik servis ertek group&lt;\/p&gt;\n\" data-medium-file=\"https:\/\/i2.wp.com\/www.beyazesyayetkiliservis.com\/arcelik\/wp-content\/uploads\/2018\/07\/\u00e7ama\u015f\u0131r-makinas\u0131-servisi-ertekgroup.png?fit=300%2C200\" data-large-file=\"https:\/\/i2.wp.com\/www.beyazesyayetkiliservis.com\/arcelik\/wp-content\/uploads\/2018\/07\/\u00e7ama\u015f\u0131r-makinas\u0131-servisi-ertekgroup.png?fit=400%2C267\" loading=\"lazy\" class=\"alignright size-full wp-image-1234\" src=\"https:\/\/i2.wp.com\/www.beyazesyayetkiliservis.com\/arcelik\/wp-content\/uploads\/2018\/07\/\u00e7ama\u015f\u0131r-makinas\u0131-servisi-ertekgroup.png?resize=400%2C267\" alt=\"\" width=\"400\" height=\"267\" srcset=\"https:\/\/i2.wp.com\/www.beyazesyayetkiliservis.com\/arcelik\/wp-content\/uploads\/2018\/07\/\u00e7ama\u015f\u0131r-makinas\u0131-servisi-ertekgroup.png?w=400 400w, https:\/\/i2.wp.com\/www.beyazesyayetkiliservis.com\/arcelik\/wp-content\/uploads\/2018\/07\/\u00e7ama\u015f\u0131r-makinas\u0131-servisi-ertekgroup.png?resize=300%2C200 300w\" sizes=\"(max-width: 400px) 100vw, 400px\" data-recalc-dims=\"1\" \/><\/a><\/span><\/h3>\n<h4><span style=\"color: #000000;\"><strong>Beyaz e\u015fya teknik servisi Gaziantep \u00e7ama\u015f\u0131r makinas\u0131 teknik servis destek hizmeti vermektedir.<br \/>\n<\/strong>Gaziantep ilinin t\u00fcm b\u00f6lgelerine ( \u015eahinbey, \u015eehitkamil, Karata\u015f, Merve\u015fehir, Binevler, Akyol ) \u00e7ama\u015f\u0131r makinas\u0131 teknik destek hizmeti vermekteyiz. Ar\u0131za yapan beyaz e\u015fyalar\u0131n\u0131z i\u00e7in sizlere bir telefon uzaktay\u0131z.<\/span><br \/>\n<span style=\"color: #000000;\">\u00c7ama\u015f\u0131r makinalar\u0131n\u0131zda olu\u015fan su bo\u015faltmama, s\u0131kma yapmama, a\u015f\u0131r\u0131 ses yapma, kazan bilya ar\u0131zas\u0131, ekranda beliren hata kodlar\u0131 gibi t\u00fcm s\u0131k\u0131nt\u0131lar\u0131n\u0131zda bizlere ula\u015fab\u0131l\u0131r teknik destek alabilirsiniz.<\/span><br \/>\n<span style=\"color: #000000;\"><strong>Beyaz esya teknik servisi olarak ar\u0131zalanan \u00e7ama\u015f\u0131r makinan\u0131za m\u00fcdahale etmeden \u00f6nce size \u00e7ama\u015f\u0131r makinas\u0131 ar\u0131zalar\u0131 i\u00e7in k\u0131saca bilgilendirmekteyiz\u2026<\/strong><\/span><\/h4>\n<\/li>\n<\/ul>\n<h3><span style=\"color: #ff0000;\">\u00a0<\/span><\/h3>\n<ul>\n<li>\n<h4><span style=\"color: #ff0000;\">\u00c7ama\u015f\u0131r Makinas\u0131 Program Ba\u015flat\u0131lam\u0131yor Veya Program Se\u00e7imi Yap\u0131lam\u0131yor..<\/span><\/h4>\n<h4><span style=\"color: #000000;\"><strong>&gt;Altyap\u0131 kaynakl\u0131 problemler (\u015febeke voltaj\u0131, su bas\u0131nc\u0131 vb.) nedeniyle \u00e7ama\u015f\u0131r makinesi kendini korumaya alm\u0131\u015f olabilir.<\/strong><\/span><br \/>\n<span style=\"color: #000000;\"><strong>&gt;\u00c7ama\u015f\u0131r makinas\u0131 Ba\u015fla \/ Bekle \/ \u0130ptal tu\u015funa 3 saniye s\u00fcreyle basarak makineyi fabrika ayarlar\u0131na getirin.<\/strong><\/span><\/h4>\n<\/li>\n<li>\n<h4><span style=\"color: #ff0000;\">\u00c7ama\u015f\u0131r Makinas\u0131n\u0131n \u0130\u00e7inde Su Var..<\/span><\/h4>\n<h4><span style=\"color: #000000;\"><strong>&gt;\u00dcretim s\u0131ras\u0131nda kalite kontrol i\u015flemleri nedeniyle makinede bir miktar su kalm\u0131\u015f olabilir. Bu ar\u0131za de\u011fildir, suyun makineye zarar\u0131 yoktur.<\/strong><\/span><\/h4>\n<\/li>\n<li>\n<h4><span style=\"color: #ff0000;\">\u00c7ama\u015f\u0131r Makinas\u0131n\u0131n Alt\u0131ndan Su Geliyor..<\/span><\/h4>\n<h4><span style=\"color: #000000;\"><strong>&gt;Hortumlarda ya da pompa filtresinde problem olabilir. Su giri\u015fi hortumlar\u0131n\u0131n contalar\u0131n\u0131 yerlerine iyice yerle\u015ftirin.<\/strong><\/span><br \/>\n<span style=\"color: #000000;\"><strong>&gt;Pompa filtresi tamamen kapanmam\u0131\u015f olabilir. Pompa filtresinin tamamen kapal\u0131 oldu\u011fundan emin olun<\/strong><\/span><br \/>\n<span style=\"color: #000000;\"><strong>&gt;Bu \u0130\u015flemleri uygulad\u0131n\u0131z fakat sorununuz devam ed\u0131yor ise \u00e7agr\u0131 merkezimizi arayarak ar\u0131za kayd\u0131 b\u0131rak\u0131n\u0131z..\u00a0<\/strong><\/span><\/h4>\n<\/li>\n<li>\n<h4><span style=\"color: #ff0000;\">\u00c7ama\u015f\u0131r Makinas\u0131 Su Alm\u0131yor..<\/span><\/h4>\n<h4><span style=\"color: #000000;\"><strong>&gt;\u00c7ama\u015f\u0131r makinan\u0131z\u0131n muslu\u011fu kapal\u0131 olabilir. Su giri\u015fi musluklar\u0131n\u0131 a\u00e7\u0131n.<\/strong><\/span><br \/>\n<span style=\"color: #000000;\"><strong>&gt;\u00c7ama\u015f\u0131r makinan\u0131z\u0131n y\u00fckleme kapa\u011f\u0131 kapanmam\u0131\u015f olabilir. Y\u00fckleme kapa\u011f\u0131n\u0131 kapay\u0131n.<br \/>\n<\/strong><strong>&gt;Bu \u0130\u015flemleri uygulad\u0131n\u0131z fakat sorununuz devam ed\u0131yor ise \u00e7agr\u0131 merkezimizi arayarak ar\u0131za kayd\u0131 b\u0131rak\u0131n\u0131z..\u00a0<\/strong>\u00a0<\/span><\/h4>\n<\/li>\n<li>\n<h4><span style=\"color: #ff0000;\">\u00c7ama\u015f\u0131r Makinas\u0131 Su Tahliye Etmiyor\u2026<\/span><\/h4>\n<h4><span style=\"color: #000000;\"><strong>&gt;\u00c7ama\u015f\u0131r makinan\u0131z\u0131n su gideri hortumu t\u0131kanm\u0131\u015f veya k\u0131vr\u0131lm\u0131\u015f olabilir. Hortumu temizleyin veya d\u00fczeltin.<\/strong><\/span><br \/>\n<span style=\"color: #000000;\"><strong>&gt;Pompa filtresi t\u0131kanm\u0131\u015f olabilir. Pompa filtresini temizleyin.<\/strong><\/span><\/h4>\n<\/li>\n<\/ul>\n<\/div>\n","protected":false},"excerpt":{"rendered":"<div class=\"slide-text-bg2\">\n<h3>\u00c7ama\u015f\u0131r Makinas\u0131 Teknik Servisi..\u00a0\u00a0 Beyaz e\u015fya teknik servisi Gaziantep \u00e7ama\u015f\u0131r makinas\u0131 teknik servis destek hizmeti vermektedir. Gaziantep ilinin t\u00fcm b\u00f6lgelerine<\/h3>\n<\/div>\n<div class=\"flex-btn-div\"><a href=\"http:\/\/www.beyazesyayetkiliservis.com\/arcelik\/camasir-makinesi-teknik-servisi-gaziantep\/\" class=\"btn1 flex-btn\">Read More<\/a><\/div>\n","protected":false},"author":2,"featured_media":0,"parent":0,"menu_order":0,"comment_status":"closed","ping_status":"closed","template":"","meta":{"spay_email":""},"jetpack_sharing_enabled":true,"jetpack_shortlink":"https:\/\/wp.me\/PamCIO-1G","jetpack-related-posts":[{"id":1643,"url":"http:\/\/www.beyazesyayetkiliservis.com\/arcelik\/sahinbey-servisi-gaziantep\/","url_meta":{"origin":104,"position":0},"title":"\u015eAH\u0130NBEY","date":"Nisan 16, 2019","format":false,"excerpt":"\u015eAH\u0130NBEY AR\u00c7EL\u0130K SERV\u0130S\u0130 GAZ\u0130ANTEP Gaziantep ilinde Ar\u00e7elik beyaz e\u015fya teknik servis hizmeti veren firmam\u0131z Ar\u00e7elik markas\u0131n\u0131n \u00f6zel servisligini yapmaktad\u0131r. \u015eahinbey Ar\u00e7elik servisi olarak evlerinizde kullanmakta oldugunuz ev aletlerinin ar\u0131za \u00e7\u00f6z\u00fcmlerini sizlere biz sunuyoruz. Gaziantep Ilinin \u015eahinbey b\u00f6lgesine servis ekibi g\u00f6nderimi yapan firmam\u0131z sizlere ar\u0131zal\u0131 cihazlar\u0131n\u0131z\u0131n teknik \u00e7\u00f6z\u00fcm\u00fc konusunda en \u00fcst\u2026","rel":"","context":"Benzer yaz\u0131","img":{"alt_text":"","src":"","width":0,"height":0},"classes":[]},{"id":1581,"url":"http:\/\/www.beyazesyayetkiliservis.com\/arcelik\/sehitkamil-servisi-gaziantep\/","url_meta":{"origin":104,"position":1},"title":"\u015eEH\u0130TKAM\u0130L","date":"Ekim 17, 2018","format":false,"excerpt":"\u015eEH\u0130TKAM\u0130L AR\u00c7EL\u0130K SERV\u0130S\u0130 GAZ\u0130ANTEP Gaziantep ilinde Ar\u00e7elik beyaz e\u015fya teknik servis hizmeti veren firmam\u0131z Ar\u00e7elik markas\u0131n\u0131n \u00f6zel servisligini yapmaktad\u0131r. \u015eehitkamil Ar\u00e7elik servisi olarak evlerinizde kullanmakta oldugunuz ev aletlerinin ar\u0131za \u00e7\u00f6z\u00fcmlerini sizlere biz sunuyoruz. Gaziantep Ilinin \u015eehitkamil b\u00f6lgesine servis ekibi g\u00f6nderimi yapan firmam\u0131z sizlere ar\u0131zal\u0131 cihazlar\u0131n\u0131z\u0131n teknik \u00e7\u00f6z\u00fcm\u00fc konusunda en \u00fcst\u2026","rel":"","context":"Benzer yaz\u0131","img":{"alt_text":"","src":"","width":0,"height":0},"classes":[]},{"id":1647,"url":"http:\/\/www.beyazesyayetkiliservis.com\/arcelik\/karatas-servisi-gaziantep\/","url_meta":{"origin":104,"position":2},"title":"KARATA\u015e","date":"Nisan 16, 2019","format":false,"excerpt":"KARATA\u015e AR\u00c7EL\u0130K SERV\u0130S\u0130 GAZ\u0130ANTEP Gaziantep ilinde Ar\u00e7elik beyaz e\u015fya teknik servis hizmeti veren firmam\u0131z Ar\u00e7elik markas\u0131n\u0131n \u00f6zel servisligini yapmaktad\u0131r. Karata\u015f Ar\u00e7elik servisi olarak evlerinizde kullanmakta oldugunuz ev aletlerinin ar\u0131za \u00e7\u00f6z\u00fcmlerini sizlere biz sunuyoruz. Gaziantep Ilinin Karata\u015f b\u00f6lgesine servis ekibi g\u00f6nderimi yapan firmam\u0131z sizlere ar\u0131zal\u0131 cihazlar\u0131n\u0131z\u0131n teknik \u00e7\u00f6z\u00fcm\u00fc konusunda en \u00fcst\u2026","rel":"","context":"Benzer yaz\u0131","img":{"alt_text":"","src":"","width":0,"height":0},"classes":[]},{"id":1649,"url":"http:\/\/www.beyazesyayetkiliservis.com\/arcelik\/mervesehir-servisi-gaziantep\/","url_meta":{"origin":104,"position":3},"title":"MERVE\u015eEH\u0130R","date":"Nisan 16, 2019","format":false,"excerpt":"MERVE\u015eEH\u0130R AR\u00c7EL\u0130K SERV\u0130S\u0130 GAZ\u0130ANTEP Gaziantep ilinde Ar\u00e7elik beyaz e\u015fya teknik servis hizmeti veren firmam\u0131z Ar\u00e7elik markas\u0131n\u0131n \u00f6zel servisligini yapmaktad\u0131r. Merve\u015fehir Ar\u00e7elik servisi olarak evlerinizde kullanmakta oldugunuz ev aletlerinin ar\u0131za \u00e7\u00f6z\u00fcmlerini sizlere biz sunuyoruz. Gaziantep Ilinin Merve\u015fehir b\u00f6lgesine servis ekibi g\u00f6nderimi yapan firmam\u0131z sizlere ar\u0131zal\u0131 cihazlar\u0131n\u0131z\u0131n teknik \u00e7\u00f6z\u00fcm\u00fc konusunda en \u00fcst\u2026","rel":"","context":"Benzer yaz\u0131","img":{"alt_text":"","src":"","width":0,"height":0},"classes":[]},{"id":1651,"url":"http:\/\/www.beyazesyayetkiliservis.com\/arcelik\/akyol-servisi-gaziantep\/","url_meta":{"origin":104,"position":4},"title":"AKYOL","date":"Nisan 18, 2019","format":false,"excerpt":"AKYOL AR\u00c7EL\u0130K SERV\u0130S\u0130 GAZ\u0130ANTEP Gaziantep ilinde Ar\u00e7elik beyaz e\u015fya teknik servis hizmeti veren firmam\u0131z Ar\u00e7elik markas\u0131n\u0131n \u00f6zel servisligini yapmaktad\u0131r. Akyol Ar\u00e7elik servisi olarak evlerinizde kullanmakta oldugunuz ev aletlerinin ar\u0131za \u00e7\u00f6z\u00fcmlerini sizlere biz sunuyoruz. Gaziantep Ilinin Akyol b\u00f6lgesine servis ekibi g\u00f6nderimi yapan firmam\u0131z sizlere ar\u0131zal\u0131 cihazlar\u0131n\u0131z\u0131n teknik \u00e7\u00f6z\u00fcm\u00fc konusunda en \u00fcst\u2026","rel":"","context":"Benzer yaz\u0131","img":{"alt_text":"","src":"","width":0,"height":0},"classes":[]},{"id":1653,"url":"http:\/\/www.beyazesyayetkiliservis.com\/arcelik\/binevler-servisi-gaziantep\/","url_meta":{"origin":104,"position":5},"title":"B\u0130NEVLER","date":"Nisan 18, 2019","format":false,"excerpt":"B\u0130NEVLER AR\u00c7EL\u0130K SERV\u0130S\u0130 GAZ\u0130ANTEP Gaziantep ilinde Ar\u00e7elik beyaz e\u015fya teknik servis hizmeti veren firmam\u0131z Ar\u00e7elik markas\u0131n\u0131n \u00f6zel servisligini yapmaktad\u0131r. Binevler Ar\u00e7elik servisi olarak evlerinizde kullanmakta oldugunuz ev aletlerinin ar\u0131za \u00e7\u00f6z\u00fcmlerini sizlere biz sunuyoruz. Gaziantep Ilinin Binevler b\u00f6lgesine servis ekibi g\u00f6nderimi yapan firmam\u0131z sizlere ar\u0131zal\u0131 cihazlar\u0131n\u0131z\u0131n teknik \u00e7\u00f6z\u00fcm\u00fc konusunda en \u00fcst\u2026","rel":"","context":"Benzer yaz\u0131","img":{"alt_text":"","src":"","width":0,"height":0},"classes":[]}],"_links":{"self":[{"href":"http:\/\/www.beyazesyayetkiliservis.com\/arcelik\/wp-json\/wp\/v2\/pages\/104"}],"collection":[{"href":"http:\/\/www.beyazesyayetkiliservis.com\/arcelik\/wp-json\/wp\/v2\/pages"}],"about":[{"href":"http:\/\/www.beyazesyayetkiliservis.com\/arcelik\/wp-json\/wp\/v2\/types\/page"}],"author":[{"embeddable":true,"href":"http:\/\/www.beyazesyayetkiliservis.com\/arcelik\/wp-json\/wp\/v2\/users\/2"}],"replies":[{"embeddable":true,"href":"http:\/\/www.beyazesyayetkiliservis.com\/arcelik\/wp-json\/wp\/v2\/comments?post=104"}],"version-history":[{"count":4,"href":"http:\/\/www.beyazesyayetkiliservis.com\/arcelik\/wp-json\/wp\/v2\/pages\/104\/revisions"}],"predecessor-version":[{"id":1669,"href":"http:\/\/www.beyazesyayetkiliservis.com\/arcelik\/wp-json\/wp\/v2\/pages\/104\/revisions\/1669"}],"wp:attachment":[{"href":"http:\/\/www.beyazesyayetkiliservis.com\/arcelik\/wp-json\/wp\/v2\/media?parent=104"}],"curies":[{"name":"wp","href":"https:\/\/api.w.org\/{rel}","templated":true}]}}