{"id":112,"date":"2013-07-31T18:56:06","date_gmt":"2013-07-31T18:56:06","guid":{"rendered":"http:\/\/www.beyazesyayetkiliservis.com\/?page_id=112"},"modified":"2019-04-18T09:29:21","modified_gmt":"2019-04-18T09:29:21","slug":"ankastre-firin-teknik-servisi-gaziantep","status":"publish","type":"page","link":"http:\/\/www.beyazesyayetkiliservis.com\/arcelik\/ankastre-firin-teknik-servisi-gaziantep\/","title":{"rendered":"ANKASTRE FIRIN"},"content":{"rendered":"<p><strong><span style=\"color: #000000;\"><span style=\"color: #ff0000;\">Ankastre ve F\u0131r\u0131nlar\u0131n\u0131z;<\/span><\/span><\/strong><\/p>\n<p>&gt;\u00d6zel servisimiz taraf\u0131ndan, F\u0131r\u0131n bak\u0131m, onar\u0131m ve tamirat i\u015flemlerini profesyonel kadrosu ve teknolojik imkanlar\u0131 ile size en iyi hizmeti en uygun fiyatlara sunuyor.<\/p>\n<p><span style=\"color: #ff0000;\"><strong>Tecr\u00fcbeli ve Profesyonel Kadro;<\/strong><\/span><\/p>\n<p>&gt;Tecr\u00fcbeli ve profesyonel kadrosu ile \u00fcr\u00fcn\u00fcn\u00fcz\u00fcn problemini yerinde (gerekirse i\u015f yerimizde) \u00e7\u00f6z\u00fcyor ve uygun fiyatlar\u0131 ile m\u00fc\u015fterileri memnun ediyor.<\/p>\n<p><span style=\"color: #ff0000;\"><strong>1 Y\u0131l Onar\u0131m Garantisi<\/strong><\/span><\/p>\n<p>&gt;1 y\u0131l onar\u0131m garantisi ile size sunuyor. Gaziantep&#8217;in t\u00fcm b\u00f6lgelerine (Karata\u015f, Binevler, Merve\u015fehir, \u015eehitkamil, \u015eahinbey, Akyol ) hizmet vermekteyiz.<br \/>\n<strong><span style=\"color: #000000;\">Sizde kaliteli, uygun fiyatl\u0131 ve g\u00fcler y\u00fczl\u00fc hizmeti tercih edin&#8230;<\/span><\/strong><\/p>\n","protected":false},"excerpt":{"rendered":"<div class=\"slide-text-bg2\">\n<h3>Ankastre ve F\u0131r\u0131nlar\u0131n\u0131z; &gt;\u00d6zel servisimiz taraf\u0131ndan, F\u0131r\u0131n bak\u0131m, onar\u0131m ve tamirat i\u015flemlerini profesyonel kadrosu ve teknolojik imkanlar\u0131 ile size en<\/h3>\n<\/div>\n<div class=\"flex-btn-div\"><a href=\"http:\/\/www.beyazesyayetkiliservis.com\/arcelik\/ankastre-firin-teknik-servisi-gaziantep\/\" class=\"btn1 flex-btn\">Read More<\/a><\/div>\n","protected":false},"author":2,"featured_media":0,"parent":0,"menu_order":0,"comment_status":"closed","ping_status":"closed","template":"","meta":{"spay_email":""},"jetpack_sharing_enabled":true,"jetpack_shortlink":"https:\/\/wp.me\/PamCIO-1O","jetpack-related-posts":[{"id":1581,"url":"http:\/\/www.beyazesyayetkiliservis.com\/arcelik\/sehitkamil-servisi-gaziantep\/","url_meta":{"origin":112,"position":0},"title":"\u015eEH\u0130TKAM\u0130L","date":"Ekim 17, 2018","format":false,"excerpt":"\u015eEH\u0130TKAM\u0130L AR\u00c7EL\u0130K SERV\u0130S\u0130 GAZ\u0130ANTEP Gaziantep ilinde Ar\u00e7elik beyaz e\u015fya teknik servis hizmeti veren firmam\u0131z Ar\u00e7elik markas\u0131n\u0131n \u00f6zel servisligini yapmaktad\u0131r. \u015eehitkamil Ar\u00e7elik servisi olarak evlerinizde kullanmakta oldugunuz ev aletlerinin ar\u0131za \u00e7\u00f6z\u00fcmlerini sizlere biz sunuyoruz. Gaziantep Ilinin \u015eehitkamil b\u00f6lgesine servis ekibi g\u00f6nderimi yapan firmam\u0131z sizlere ar\u0131zal\u0131 cihazlar\u0131n\u0131z\u0131n teknik \u00e7\u00f6z\u00fcm\u00fc konusunda en \u00fcst\u2026","rel":"","context":"Benzer yaz\u0131","img":{"alt_text":"","src":"","width":0,"height":0},"classes":[]},{"id":1643,"url":"http:\/\/www.beyazesyayetkiliservis.com\/arcelik\/sahinbey-servisi-gaziantep\/","url_meta":{"origin":112,"position":1},"title":"\u015eAH\u0130NBEY","date":"Nisan 16, 2019","format":false,"excerpt":"\u015eAH\u0130NBEY AR\u00c7EL\u0130K SERV\u0130S\u0130 GAZ\u0130ANTEP Gaziantep ilinde Ar\u00e7elik beyaz e\u015fya teknik servis hizmeti veren firmam\u0131z Ar\u00e7elik markas\u0131n\u0131n \u00f6zel servisligini yapmaktad\u0131r. \u015eahinbey Ar\u00e7elik servisi olarak evlerinizde kullanmakta oldugunuz ev aletlerinin ar\u0131za \u00e7\u00f6z\u00fcmlerini sizlere biz sunuyoruz. Gaziantep Ilinin \u015eahinbey b\u00f6lgesine servis ekibi g\u00f6nderimi yapan firmam\u0131z sizlere ar\u0131zal\u0131 cihazlar\u0131n\u0131z\u0131n teknik \u00e7\u00f6z\u00fcm\u00fc konusunda en \u00fcst\u2026","rel":"","context":"Benzer yaz\u0131","img":{"alt_text":"","src":"","width":0,"height":0},"classes":[]},{"id":1647,"url":"http:\/\/www.beyazesyayetkiliservis.com\/arcelik\/karatas-servisi-gaziantep\/","url_meta":{"origin":112,"position":2},"title":"KARATA\u015e","date":"Nisan 16, 2019","format":false,"excerpt":"KARATA\u015e AR\u00c7EL\u0130K SERV\u0130S\u0130 GAZ\u0130ANTEP Gaziantep ilinde Ar\u00e7elik beyaz e\u015fya teknik servis hizmeti veren firmam\u0131z Ar\u00e7elik markas\u0131n\u0131n \u00f6zel servisligini yapmaktad\u0131r. Karata\u015f Ar\u00e7elik servisi olarak evlerinizde kullanmakta oldugunuz ev aletlerinin ar\u0131za \u00e7\u00f6z\u00fcmlerini sizlere biz sunuyoruz. Gaziantep Ilinin Karata\u015f b\u00f6lgesine servis ekibi g\u00f6nderimi yapan firmam\u0131z sizlere ar\u0131zal\u0131 cihazlar\u0131n\u0131z\u0131n teknik \u00e7\u00f6z\u00fcm\u00fc konusunda en \u00fcst\u2026","rel":"","context":"Benzer yaz\u0131","img":{"alt_text":"","src":"","width":0,"height":0},"classes":[]},{"id":1649,"url":"http:\/\/www.beyazesyayetkiliservis.com\/arcelik\/mervesehir-servisi-gaziantep\/","url_meta":{"origin":112,"position":3},"title":"MERVE\u015eEH\u0130R","date":"Nisan 16, 2019","format":false,"excerpt":"MERVE\u015eEH\u0130R AR\u00c7EL\u0130K SERV\u0130S\u0130 GAZ\u0130ANTEP Gaziantep ilinde Ar\u00e7elik beyaz e\u015fya teknik servis hizmeti veren firmam\u0131z Ar\u00e7elik markas\u0131n\u0131n \u00f6zel servisligini yapmaktad\u0131r. Merve\u015fehir Ar\u00e7elik servisi olarak evlerinizde kullanmakta oldugunuz ev aletlerinin ar\u0131za \u00e7\u00f6z\u00fcmlerini sizlere biz sunuyoruz. Gaziantep Ilinin Merve\u015fehir b\u00f6lgesine servis ekibi g\u00f6nderimi yapan firmam\u0131z sizlere ar\u0131zal\u0131 cihazlar\u0131n\u0131z\u0131n teknik \u00e7\u00f6z\u00fcm\u00fc konusunda en \u00fcst\u2026","rel":"","context":"Benzer yaz\u0131","img":{"alt_text":"","src":"","width":0,"height":0},"classes":[]},{"id":1651,"url":"http:\/\/www.beyazesyayetkiliservis.com\/arcelik\/akyol-servisi-gaziantep\/","url_meta":{"origin":112,"position":4},"title":"AKYOL","date":"Nisan 18, 2019","format":false,"excerpt":"AKYOL AR\u00c7EL\u0130K SERV\u0130S\u0130 GAZ\u0130ANTEP Gaziantep ilinde Ar\u00e7elik beyaz e\u015fya teknik servis hizmeti veren firmam\u0131z Ar\u00e7elik markas\u0131n\u0131n \u00f6zel servisligini yapmaktad\u0131r. Akyol Ar\u00e7elik servisi olarak evlerinizde kullanmakta oldugunuz ev aletlerinin ar\u0131za \u00e7\u00f6z\u00fcmlerini sizlere biz sunuyoruz. Gaziantep Ilinin Akyol b\u00f6lgesine servis ekibi g\u00f6nderimi yapan firmam\u0131z sizlere ar\u0131zal\u0131 cihazlar\u0131n\u0131z\u0131n teknik \u00e7\u00f6z\u00fcm\u00fc konusunda en \u00fcst\u2026","rel":"","context":"Benzer yaz\u0131","img":{"alt_text":"","src":"","width":0,"height":0},"classes":[]},{"id":1653,"url":"http:\/\/www.beyazesyayetkiliservis.com\/arcelik\/binevler-servisi-gaziantep\/","url_meta":{"origin":112,"position":5},"title":"B\u0130NEVLER","date":"Nisan 18, 2019","format":false,"excerpt":"B\u0130NEVLER AR\u00c7EL\u0130K SERV\u0130S\u0130 GAZ\u0130ANTEP Gaziantep ilinde Ar\u00e7elik beyaz e\u015fya teknik servis hizmeti veren firmam\u0131z Ar\u00e7elik markas\u0131n\u0131n \u00f6zel servisligini yapmaktad\u0131r. Binevler Ar\u00e7elik servisi olarak evlerinizde kullanmakta oldugunuz ev aletlerinin ar\u0131za \u00e7\u00f6z\u00fcmlerini sizlere biz sunuyoruz. Gaziantep Ilinin Binevler b\u00f6lgesine servis ekibi g\u00f6nderimi yapan firmam\u0131z sizlere ar\u0131zal\u0131 cihazlar\u0131n\u0131z\u0131n teknik \u00e7\u00f6z\u00fcm\u00fc konusunda en \u00fcst\u2026","rel":"","context":"Benzer yaz\u0131","img":{"alt_text":"","src":"","width":0,"height":0},"classes":[]}],"_links":{"self":[{"href":"http:\/\/www.beyazesyayetkiliservis.com\/arcelik\/wp-json\/wp\/v2\/pages\/112"}],"collection":[{"href":"http:\/\/www.beyazesyayetkiliservis.com\/arcelik\/wp-json\/wp\/v2\/pages"}],"about":[{"href":"http:\/\/www.beyazesyayetkiliservis.com\/arcelik\/wp-json\/wp\/v2\/types\/page"}],"author":[{"embeddable":true,"href":"http:\/\/www.beyazesyayetkiliservis.com\/arcelik\/wp-json\/wp\/v2\/users\/2"}],"replies":[{"embeddable":true,"href":"http:\/\/www.beyazesyayetkiliservis.com\/arcelik\/wp-json\/wp\/v2\/comments?post=112"}],"version-history":[{"count":3,"href":"http:\/\/www.beyazesyayetkiliservis.com\/arcelik\/wp-json\/wp\/v2\/pages\/112\/revisions"}],"predecessor-version":[{"id":1660,"href":"http:\/\/www.beyazesyayetkiliservis.com\/arcelik\/wp-json\/wp\/v2\/pages\/112\/revisions\/1660"}],"wp:attachment":[{"href":"http:\/\/www.beyazesyayetkiliservis.com\/arcelik\/wp-json\/wp\/v2\/media?parent=112"}],"curies":[{"name":"wp","href":"https:\/\/api.w.org\/{rel}","templated":true}]}}