{"id":133,"date":"2013-08-01T08:28:48","date_gmt":"2013-08-01T08:28:48","guid":{"rendered":"http:\/\/www.beyazesyayetkiliservis.com\/?page_id=133"},"modified":"2018-10-17T08:43:33","modified_gmt":"2018-10-17T08:43:33","slug":"kombi-teknik-servisi-gaziantep","status":"publish","type":"page","link":"http:\/\/www.beyazesyayetkiliservis.com\/arcelik\/kombi-teknik-servisi-gaziantep\/","title":{"rendered":"KOMB\u0130"},"content":{"rendered":"<p><strong><span style=\"color: #000000;\"><span style=\"color: #ff0000;\"><strong>Kombi Tamiri, Kombi Tamir Servisi<\/strong><\/span><\/span><\/strong><\/p>\n<p><strong><span style=\"color: #000000;\">Kombi tamiri, kombi tamir servisi, Siz de\u011ferli m\u00fc\u015fterilerimize en kaliteli ve en g\u00fcvenilir\u00a0kombi teknik ve tamir servisi\u00a0olarak t\u00fcm Gaziantep&#8217;de servis hizmetlerimiz mevcuttur. kombinizin ar\u0131za yapmas\u0131 halinde bak\u0131mdan sonra \u00e7\u0131kan ar\u0131zalar nedeni ile tamir olmas\u0131 gereken par\u00e7alar anakart tamiri tesisat tamiri kombi tamiri hizmetlerini vermekteyiz. Kombiniz de olas\u0131 ar\u0131zlarda bizlerden yard\u0131m alabilirsiniz sizlere y\u0131llar\u0131n tecr\u00fcbesiyle hizmet sunan teknisyenlerimiz g\u00fcler y\u00fczl\u00fc ve g\u00fcvenilir kimlikleriyle hizmet etmek i\u00e7in her zaman haz\u0131r beklemektedirler.<\/span><\/strong><\/p>\n<p><strong><span style=\"color: #000000;\">T\u00fcm Kombi Markalar\u0131na Hizmet Vermekteyiz.<\/span><\/strong><\/p>\n<p><strong><span style=\"color: #000000;\"><span style=\"color: #ff0000;\"><strong>Kombi Servisi<\/strong><\/span><\/span><\/strong><\/p>\n<p><strong><span style=\"color: #000000;\">Kombi Servisi, k\u0131\u015f aylar\u0131nda so\u011fuktan korunmak i\u00e7in siz ve aileniz i\u00e7in en ideal \u00e7\u00f6z\u00fcm kombinizin bak\u0131m\u0131n\u0131 zaman ge\u00e7irmeden yapt\u0131rman\u0131z y\u00f6n\u00fcnde olacakt\u0131r. Kombiler genelde ses yapabilir \u00a0\u0131s\u0131tmayabilir su \u00e7ekmeyebilir bu gibi durumlarda mutlaka profesyonel servis \u00e7a\u011f\u0131rarak belirli periyodlarda kombinizin bak\u0131m\u0131n\u0131 yapt\u0131rman\u0131z sizin yarar\u0131n\u0131za olacakt\u0131r. Kombi bak\u0131m servisi olarak sizlere bir y\u0131l garantili i\u015f\u00e7ilik ve par\u00e7a de\u011fi\u015fimi yapmaktay\u0131z.<\/span><\/strong><\/p>\n<p><span style=\"color: #ff0000;\"><strong>Kombi Bak\u0131m\u0131:<\/strong><\/span><\/p>\n<p><strong><span style=\"color: #000000;\">&gt;Tesisat Filitresi s\u00f6k\u00fcl\u00fcp temizlenmeli.<\/span><\/strong><\/p>\n<p><strong><span style=\"color: #000000;\">&gt;Brul\u00f6r s\u00f6k\u00fcl\u00fcp y\u0131kanmal\u0131.<\/span><\/strong><\/p>\n<p><strong><span style=\"color: #000000;\">&gt;Meme g\u00f6zeneklerindeki Tozlar temizlenmeli.<\/span><\/strong><\/p>\n<p><strong><span style=\"color: #000000;\">&gt;Ate\u015fleme Elektrotlar\u0131 Z\u0131mparalanmal\u0131<\/span><\/strong><\/p>\n<p><strong><span style=\"color: #000000;\">&gt;Prop g\u00f6zleri Temizlenmeli.<\/span><\/strong><\/p>\n<p><strong><span style=\"color: #000000;\">&gt;Fan Motorundaki Fan\u0131n Tozlar\u0131 f\u0131r\u00e7a ile temizlenmeli.<\/span><\/strong><\/p>\n<p><strong><span style=\"color: #000000;\">&gt;Genle\u015fme tank\u0131ndaki Hava oran\u0131 \u00f6l\u00e7\u00fclmeli. Gerekirse gaz bas\u0131lmal\u0131<\/span><\/strong><\/p>\n<p><strong><span style=\"color: #000000;\">&gt;NTC termostatlar de\u011ferleri \u00f6l\u00e7\u00fclmeli.D\u00fc\u015f\u00fck de\u011ferli hassasl\u0131\u011f\u0131n\u0131 yitirmi\u015f N.T.C Termostat de\u011fi\u015fmeli.<\/span><\/strong><\/p>\n<p><strong><span style=\"color: #000000;\">&gt;Gaz valfi \u00fczerinden kombinin kalori kapasite ayar\u0131 yap\u0131lmal\u0131.<\/span><\/strong><\/p>\n<p><strong><span style=\"color: #000000;\">&gt;Cihaz bak\u0131m\u0131 bittikten sonra \u00e7al\u0131\u015ft\u0131r\u0131l\u0131p kontrol edilmeli.<\/span><\/strong><\/p>\n<p><strong><span style=\"color: #000000;\">&gt;S\u0131cak su ak\u0131\u015f\u0131 kontrol edilmeli.<\/span><\/strong><\/p>\n","protected":false},"excerpt":{"rendered":"<div class=\"slide-text-bg2\">\n<h3>Kombi Tamiri, Kombi Tamir Servisi Kombi tamiri, kombi tamir servisi, Siz de\u011ferli m\u00fc\u015fterilerimize en kaliteli ve en g\u00fcvenilir\u00a0kombi teknik ve<\/h3>\n<\/div>\n<div class=\"flex-btn-div\"><a href=\"http:\/\/www.beyazesyayetkiliservis.com\/arcelik\/kombi-teknik-servisi-gaziantep\/\" class=\"btn1 flex-btn\">Read More<\/a><\/div>\n","protected":false},"author":2,"featured_media":0,"parent":0,"menu_order":0,"comment_status":"closed","ping_status":"closed","template":"","meta":{"spay_email":""},"jetpack_sharing_enabled":true,"jetpack_shortlink":"https:\/\/wp.me\/PamCIO-29","jetpack-related-posts":[{"id":2,"url":"http:\/\/www.beyazesyayetkiliservis.com\/arcelik\/soru-sor\/","url_meta":{"origin":133,"position":0},"title":"SORU SOR","date":"Temmuz 14, 2018","format":false,"excerpt":"Beyaz E\u015fya Klima ve Kombi Servisi Soru Hatt\u0131 A\u015fa\u011f\u0131daki formu kullanarak Ertek group Beyaz E\u015fya Teknik Servisi'ne beyaz e\u015fya klima ve kombileriniz hakk\u0131nda teknik sorular sorulabilirsiniz.","rel":"","context":"Benzer yaz\u0131","img":{"alt_text":"","src":"","width":0,"height":0},"classes":[]},{"id":1581,"url":"http:\/\/www.beyazesyayetkiliservis.com\/arcelik\/sehitkamil-servisi-gaziantep\/","url_meta":{"origin":133,"position":1},"title":"\u015eEH\u0130TKAM\u0130L","date":"Ekim 17, 2018","format":false,"excerpt":"\u015eEH\u0130TKAM\u0130L AR\u00c7EL\u0130K SERV\u0130S\u0130 GAZ\u0130ANTEP Gaziantep ilinde Ar\u00e7elik beyaz e\u015fya teknik servis hizmeti veren firmam\u0131z Ar\u00e7elik markas\u0131n\u0131n \u00f6zel servisligini yapmaktad\u0131r. \u015eehitkamil Ar\u00e7elik servisi olarak evlerinizde kullanmakta oldugunuz ev aletlerinin ar\u0131za \u00e7\u00f6z\u00fcmlerini sizlere biz sunuyoruz. Gaziantep Ilinin \u015eehitkamil b\u00f6lgesine servis ekibi g\u00f6nderimi yapan firmam\u0131z sizlere ar\u0131zal\u0131 cihazlar\u0131n\u0131z\u0131n teknik \u00e7\u00f6z\u00fcm\u00fc konusunda en \u00fcst\u2026","rel":"","context":"Benzer yaz\u0131","img":{"alt_text":"","src":"","width":0,"height":0},"classes":[]},{"id":1647,"url":"http:\/\/www.beyazesyayetkiliservis.com\/arcelik\/karatas-servisi-gaziantep\/","url_meta":{"origin":133,"position":2},"title":"KARATA\u015e","date":"Nisan 16, 2019","format":false,"excerpt":"KARATA\u015e AR\u00c7EL\u0130K SERV\u0130S\u0130 GAZ\u0130ANTEP Gaziantep ilinde Ar\u00e7elik beyaz e\u015fya teknik servis hizmeti veren firmam\u0131z Ar\u00e7elik markas\u0131n\u0131n \u00f6zel servisligini yapmaktad\u0131r. Karata\u015f Ar\u00e7elik servisi olarak evlerinizde kullanmakta oldugunuz ev aletlerinin ar\u0131za \u00e7\u00f6z\u00fcmlerini sizlere biz sunuyoruz. Gaziantep Ilinin Karata\u015f b\u00f6lgesine servis ekibi g\u00f6nderimi yapan firmam\u0131z sizlere ar\u0131zal\u0131 cihazlar\u0131n\u0131z\u0131n teknik \u00e7\u00f6z\u00fcm\u00fc konusunda en \u00fcst\u2026","rel":"","context":"Benzer yaz\u0131","img":{"alt_text":"","src":"","width":0,"height":0},"classes":[]},{"id":1649,"url":"http:\/\/www.beyazesyayetkiliservis.com\/arcelik\/mervesehir-servisi-gaziantep\/","url_meta":{"origin":133,"position":3},"title":"MERVE\u015eEH\u0130R","date":"Nisan 16, 2019","format":false,"excerpt":"MERVE\u015eEH\u0130R AR\u00c7EL\u0130K SERV\u0130S\u0130 GAZ\u0130ANTEP Gaziantep ilinde Ar\u00e7elik beyaz e\u015fya teknik servis hizmeti veren firmam\u0131z Ar\u00e7elik markas\u0131n\u0131n \u00f6zel servisligini yapmaktad\u0131r. Merve\u015fehir Ar\u00e7elik servisi olarak evlerinizde kullanmakta oldugunuz ev aletlerinin ar\u0131za \u00e7\u00f6z\u00fcmlerini sizlere biz sunuyoruz. Gaziantep Ilinin Merve\u015fehir b\u00f6lgesine servis ekibi g\u00f6nderimi yapan firmam\u0131z sizlere ar\u0131zal\u0131 cihazlar\u0131n\u0131z\u0131n teknik \u00e7\u00f6z\u00fcm\u00fc konusunda en \u00fcst\u2026","rel":"","context":"Benzer yaz\u0131","img":{"alt_text":"","src":"","width":0,"height":0},"classes":[]},{"id":1651,"url":"http:\/\/www.beyazesyayetkiliservis.com\/arcelik\/akyol-servisi-gaziantep\/","url_meta":{"origin":133,"position":4},"title":"AKYOL","date":"Nisan 18, 2019","format":false,"excerpt":"AKYOL AR\u00c7EL\u0130K SERV\u0130S\u0130 GAZ\u0130ANTEP Gaziantep ilinde Ar\u00e7elik beyaz e\u015fya teknik servis hizmeti veren firmam\u0131z Ar\u00e7elik markas\u0131n\u0131n \u00f6zel servisligini yapmaktad\u0131r. Akyol Ar\u00e7elik servisi olarak evlerinizde kullanmakta oldugunuz ev aletlerinin ar\u0131za \u00e7\u00f6z\u00fcmlerini sizlere biz sunuyoruz. Gaziantep Ilinin Akyol b\u00f6lgesine servis ekibi g\u00f6nderimi yapan firmam\u0131z sizlere ar\u0131zal\u0131 cihazlar\u0131n\u0131z\u0131n teknik \u00e7\u00f6z\u00fcm\u00fc konusunda en \u00fcst\u2026","rel":"","context":"Benzer yaz\u0131","img":{"alt_text":"","src":"","width":0,"height":0},"classes":[]},{"id":1653,"url":"http:\/\/www.beyazesyayetkiliservis.com\/arcelik\/binevler-servisi-gaziantep\/","url_meta":{"origin":133,"position":5},"title":"B\u0130NEVLER","date":"Nisan 18, 2019","format":false,"excerpt":"B\u0130NEVLER AR\u00c7EL\u0130K SERV\u0130S\u0130 GAZ\u0130ANTEP Gaziantep ilinde Ar\u00e7elik beyaz e\u015fya teknik servis hizmeti veren firmam\u0131z Ar\u00e7elik markas\u0131n\u0131n \u00f6zel servisligini yapmaktad\u0131r. Binevler Ar\u00e7elik servisi olarak evlerinizde kullanmakta oldugunuz ev aletlerinin ar\u0131za \u00e7\u00f6z\u00fcmlerini sizlere biz sunuyoruz. Gaziantep Ilinin Binevler b\u00f6lgesine servis ekibi g\u00f6nderimi yapan firmam\u0131z sizlere ar\u0131zal\u0131 cihazlar\u0131n\u0131z\u0131n teknik \u00e7\u00f6z\u00fcm\u00fc konusunda en \u00fcst\u2026","rel":"","context":"Benzer yaz\u0131","img":{"alt_text":"","src":"","width":0,"height":0},"classes":[]}],"_links":{"self":[{"href":"http:\/\/www.beyazesyayetkiliservis.com\/arcelik\/wp-json\/wp\/v2\/pages\/133"}],"collection":[{"href":"http:\/\/www.beyazesyayetkiliservis.com\/arcelik\/wp-json\/wp\/v2\/pages"}],"about":[{"href":"http:\/\/www.beyazesyayetkiliservis.com\/arcelik\/wp-json\/wp\/v2\/types\/page"}],"author":[{"embeddable":true,"href":"http:\/\/www.beyazesyayetkiliservis.com\/arcelik\/wp-json\/wp\/v2\/users\/2"}],"replies":[{"embeddable":true,"href":"http:\/\/www.beyazesyayetkiliservis.com\/arcelik\/wp-json\/wp\/v2\/comments?post=133"}],"version-history":[{"count":1,"href":"http:\/\/www.beyazesyayetkiliservis.com\/arcelik\/wp-json\/wp\/v2\/pages\/133\/revisions"}],"predecessor-version":[{"id":1114,"href":"http:\/\/www.beyazesyayetkiliservis.com\/arcelik\/wp-json\/wp\/v2\/pages\/133\/revisions\/1114"}],"wp:attachment":[{"href":"http:\/\/www.beyazesyayetkiliservis.com\/arcelik\/wp-json\/wp\/v2\/media?parent=133"}],"curies":[{"name":"wp","href":"https:\/\/api.w.org\/{rel}","templated":true}]}}