{"id":15,"date":"2013-07-31T15:40:28","date_gmt":"2013-07-31T12:40:28","guid":{"rendered":"http:\/\/www.beyazesyayetkiliservis.com\/?page_id=15"},"modified":"2018-10-16T07:26:56","modified_gmt":"2018-10-16T07:26:56","slug":"iletisim","status":"publish","type":"page","link":"http:\/\/www.beyazesyayetkiliservis.com\/arcelik\/iletisim\/","title":{"rendered":"\u0130LET\u0130\u015e\u0130M"},"content":{"rendered":"<p><span style=\"color: #ff0000;\"><strong>ERTEK GROUP \u00a0\u0130LET\u0130\u015e\u0130M B\u0130LG\u0130LER\u0130\u00a0<\/strong><\/span><\/p>\n<p><span style=\"color: #000000;\"><strong>7 \/ 24 Teknik Destek i\u00e7in Mobil Telefonlar\u0131m\u0131zdan ula\u015fabilirsiniz.<\/strong><\/span><\/p>\n<p><strong><span style=\"color: #ff0000;\">Tel:<\/span> \u00a0 \u00a0<span style=\"color: #000000;\"><strong>(0342) 323 37 44<\/strong><\/span><br \/>\n<\/strong><strong><span style=\"color: #ff0000;\">Gsm :<\/span> \u00a0<span style=\"color: #000000;\">0534 791 74 33<\/span><\/strong><br \/>\n<strong><span style=\"color: #ff0000;\">Gsm :\u00a0<\/span>\u00a0<span style=\"color: #000000;\">0539 883 84 34<\/span><\/strong><\/p>\n<p><strong><br \/>\n<span style=\"color: #000000;\">Her t\u00fcrl\u00fc soru ve sorunlar\u0131n\u0131zla ilgili olarak Antalya\u2019n\u0131n Ve Gaziantep\u2019in neresinden olursa olsun bizleri arayabilir ya da Yetkili Servis Merkezi\u2019ne e-mail g\u00f6nderebilirsiniz.<\/span><\/strong><\/p>\n","protected":false},"excerpt":{"rendered":"<div class=\"slide-text-bg2\">\n<h3>ERTEK GROUP \u00a0\u0130LET\u0130\u015e\u0130M B\u0130LG\u0130LER\u0130\u00a0 7 \/ 24 Teknik Destek i\u00e7in Mobil Telefonlar\u0131m\u0131zdan ula\u015fabilirsiniz. Tel: \u00a0 \u00a0(0342) 323 37 44 Gsm<\/h3>\n<\/div>\n<div class=\"flex-btn-div\"><a href=\"http:\/\/www.beyazesyayetkiliservis.com\/arcelik\/iletisim\/\" class=\"btn1 flex-btn\">Read More<\/a><\/div>\n","protected":false},"author":2,"featured_media":0,"parent":0,"menu_order":0,"comment_status":"closed","ping_status":"closed","template":"","meta":{"spay_email":""},"jetpack_sharing_enabled":true,"jetpack_shortlink":"https:\/\/wp.me\/PamCIO-f","jetpack-related-posts":[{"id":1205,"url":"http:\/\/www.beyazesyayetkiliservis.com\/arcelik\/gizlilik-politikasi\/","url_meta":{"origin":15,"position":0},"title":"Gizlilik Politikas\u0131","date":"Temmuz 18, 2018","format":false,"excerpt":"\u0130\u015fbu Gizlilik Politikas\u0131, beyazesyayetkiliservis.com web sitesinin (\u201cSite\u201d olarak an\u0131lacak) bilgi uygulamalar\u0131n\u0131 kapsamaktad\u0131r. Bu web sitesinin veri kontrol\u00fc - Gaziantep Ger\u00e7ek Vergi Siciline kay\u0131tl\u0131 ve Eski D\u00fcl\u00fck Cad D\u00fcl\u00fckbaba Mah No:67\/A\u00a0 \u015eehitkamil \u2013 Gaziantep adresinde mukim Tayfun Tutar\u2019a aittir. \u0130\u015fbu Siteyi ve sundu\u011fu hizmetleri kullanabilmek i\u00e7in, en az 18 ya\u015f\u0131nda olunmas\u0131\u2026","rel":"","context":"Benzer yaz\u0131","img":{"alt_text":"","src":"","width":0,"height":0},"classes":[]},{"id":112,"url":"http:\/\/www.beyazesyayetkiliservis.com\/arcelik\/ankastre-firin-teknik-servisi-gaziantep\/","url_meta":{"origin":15,"position":1},"title":"ANKASTRE FIRIN","date":"Temmuz 31, 2013","format":false,"excerpt":"Ankastre ve F\u0131r\u0131nlar\u0131n\u0131z; >\u00d6zel servisimiz taraf\u0131ndan, F\u0131r\u0131n bak\u0131m, onar\u0131m ve tamirat i\u015flemlerini profesyonel kadrosu ve teknolojik imkanlar\u0131 ile size en iyi hizmeti en uygun fiyatlara sunuyor. Tecr\u00fcbeli ve Profesyonel Kadro; >Tecr\u00fcbeli ve profesyonel kadrosu ile \u00fcr\u00fcn\u00fcn\u00fcz\u00fcn problemini yerinde (gerekirse i\u015f yerimizde) \u00e7\u00f6z\u00fcyor ve uygun fiyatlar\u0131 ile m\u00fc\u015fterileri memnun ediyor. 1\u2026","rel":"","context":"Benzer yaz\u0131","img":{"alt_text":"","src":"","width":0,"height":0},"classes":[]},{"id":108,"url":"http:\/\/www.beyazesyayetkiliservis.com\/arcelik\/klima-teknik-servisi-gaziantep\/","url_meta":{"origin":15,"position":2},"title":"KL\u0130MA","date":"Temmuz 31, 2013","format":false,"excerpt":"Klima Bak\u0131m\u00a0 Klima bak\u0131m\u0131 y\u0131ll\u0131k periyodular halinde de\u011fi\u015fik hava \u015fartlar\u0131na uyum sa\u011flamas\u0131 i\u00e7in yap\u0131lmas\u0131 gerekmektedir. Klima bak\u0131m\u0131 i\u00e7in...\u00a0 Salon Tipi Klimalar -\u00a0D\u00fc\u015f\u00fck ses seviyesi - Geni\u015f \u00fcfleme alan\u0131 - Y\u00fcksek so\u011futma kapasitesi - Ta\u015f\u0131ma ve montaj kolayl\u0131\u011f\u0131 Split Klima Split klimalar ev ve i\u015f yerlerinin so\u011futulmas\u0131nda en \u00e7ok tercih edilen\u2026","rel":"","context":"Benzer yaz\u0131","img":{"alt_text":"","src":"","width":0,"height":0},"classes":[]},{"id":2,"url":"http:\/\/www.beyazesyayetkiliservis.com\/arcelik\/soru-sor\/","url_meta":{"origin":15,"position":3},"title":"SORU SOR","date":"Temmuz 14, 2018","format":false,"excerpt":"Beyaz E\u015fya Klima ve Kombi Servisi Soru Hatt\u0131 A\u015fa\u011f\u0131daki formu kullanarak Ertek group Beyaz E\u015fya Teknik Servisi'ne beyaz e\u015fya klima ve kombileriniz hakk\u0131nda teknik sorular sorulabilirsiniz.","rel":"","context":"Benzer yaz\u0131","img":{"alt_text":"","src":"","width":0,"height":0},"classes":[]},{"id":133,"url":"http:\/\/www.beyazesyayetkiliservis.com\/arcelik\/kombi-teknik-servisi-gaziantep\/","url_meta":{"origin":15,"position":4},"title":"KOMB\u0130","date":"A\u011fustos 1, 2013","format":false,"excerpt":"Kombi Tamiri, Kombi Tamir Servisi Kombi tamiri, kombi tamir servisi, Siz de\u011ferli m\u00fc\u015fterilerimize en kaliteli ve en g\u00fcvenilir\u00a0kombi teknik ve tamir servisi\u00a0olarak t\u00fcm Gaziantep'de servis hizmetlerimiz mevcuttur. kombinizin ar\u0131za yapmas\u0131 halinde bak\u0131mdan sonra \u00e7\u0131kan ar\u0131zalar nedeni ile tamir olmas\u0131 gereken par\u00e7alar anakart tamiri tesisat tamiri kombi tamiri hizmetlerini vermekteyiz. Kombiniz\u2026","rel":"","context":"Benzer yaz\u0131","img":{"alt_text":"","src":"","width":0,"height":0},"classes":[]},{"id":114,"url":"http:\/\/www.beyazesyayetkiliservis.com\/arcelik\/bulasik-makinesi-teknik-servisi-gaziantep\/","url_meta":{"origin":15,"position":5},"title":"BULA\u015eIK MAK\u0130NES\u0130","date":"Temmuz 31, 2013","format":false,"excerpt":"\u00a0Bula\u015f\u0131k Makinas\u0131 Teknik Servisi.. Beyaz E\u015fya Servisi Gaziantep, Gaziantep genelinde bula\u015f\u0131k makinas\u0131 teknik servisi hizmeti vermektedir. Beyaz e\u015fya teknik servisi olarak ar\u0131za konumundaki bula\u015f\u0131k makinalar\u0131n\u0131z\u0131n t\u00fcm mekanik ar\u0131za problemlerini en h\u0131zl\u0131 \u015fekilde gidermekteyiz.Bula\u015f\u0131k makinas\u0131ndaki su bo\u015faltma ar\u0131zas\u0131, ana ekranda beliren hata kodlar\u0131, ana motor ar\u0131zas\u0131, su \u0131s\u0131tmama problemi, bardaklarda yogurt\u2026","rel":"","context":"Benzer yaz\u0131","img":{"alt_text":"","src":"https:\/\/i0.wp.com\/www.beyazesyayetkiliservis.com\/arcelik\/wp-content\/uploads\/2018\/07\/bula\u00c5\u009f\u00c4\u00b1k-makinas\u00c4\u00b1-servisi-ertekgroup.png?resize=350%2C200","width":350,"height":200},"classes":[]}],"_links":{"self":[{"href":"http:\/\/www.beyazesyayetkiliservis.com\/arcelik\/wp-json\/wp\/v2\/pages\/15"}],"collection":[{"href":"http:\/\/www.beyazesyayetkiliservis.com\/arcelik\/wp-json\/wp\/v2\/pages"}],"about":[{"href":"http:\/\/www.beyazesyayetkiliservis.com\/arcelik\/wp-json\/wp\/v2\/types\/page"}],"author":[{"embeddable":true,"href":"http:\/\/www.beyazesyayetkiliservis.com\/arcelik\/wp-json\/wp\/v2\/users\/2"}],"replies":[{"embeddable":true,"href":"http:\/\/www.beyazesyayetkiliservis.com\/arcelik\/wp-json\/wp\/v2\/comments?post=15"}],"version-history":[{"count":1,"href":"http:\/\/www.beyazesyayetkiliservis.com\/arcelik\/wp-json\/wp\/v2\/pages\/15\/revisions"}],"predecessor-version":[{"id":1562,"href":"http:\/\/www.beyazesyayetkiliservis.com\/arcelik\/wp-json\/wp\/v2\/pages\/15\/revisions\/1562"}],"wp:attachment":[{"href":"http:\/\/www.beyazesyayetkiliservis.com\/arcelik\/wp-json\/wp\/v2\/media?parent=15"}],"curies":[{"name":"wp","href":"https:\/\/api.w.org\/{rel}","templated":true}]}}