{"id":1643,"date":"2019-04-16T14:34:32","date_gmt":"2019-04-16T14:34:32","guid":{"rendered":"http:\/\/www.beyazesyayetkiliservis.com\/arcelik\/?page_id=1643"},"modified":"2019-04-16T14:34:32","modified_gmt":"2019-04-16T14:34:32","slug":"sahinbey-servisi-gaziantep","status":"publish","type":"page","link":"https:\/\/www.beyazesyayetkiliservis.com\/arcelik\/sahinbey-servisi-gaziantep\/","title":{"rendered":"\u015eAH\u0130NBEY"},"content":{"rendered":"<p><strong><span style=\"color: #ff0000;\">\u015eAH\u0130NBEY AR\u00c7EL\u0130K SERV\u0130S\u0130 GAZ\u0130ANTEP<br \/>\n<\/span><\/strong><br \/>\n<span style=\"color: #000000;\"><strong>Gaziantep<\/strong> ilinde <strong>Ar\u00e7elik beyaz e\u015fya teknik servis<\/strong> hizmeti veren firmam\u0131z Ar\u00e7elik markas\u0131n\u0131n \u00f6zel servisligini yapmaktad\u0131r.<br \/>\n<\/span><span style=\"color: #000000;\">\u015eahinbey Ar\u00e7elik servisi olarak evlerinizde kullanmakta oldugunuz ev aletlerinin ar\u0131za \u00e7\u00f6z\u00fcmlerini sizlere biz sunuyoruz.<\/span><br \/>\n<span style=\"color: #000000;\">Gaziantep Ilinin <strong>\u015eahinbey<\/strong> b\u00f6lgesine <strong>servis<\/strong> ekibi g\u00f6nderimi yapan firmam\u0131z sizlere ar\u0131zal\u0131 cihazlar\u0131n\u0131z\u0131n teknik \u00e7\u00f6z\u00fcm\u00fc konusunda en \u00fcst serviye mekanik bilgilerini kullanarak sizlere yard\u0131mc\u0131 olmay\u0131 ama\u00e7lamaktad\u0131r.<\/span><br \/>\n<span style=\"color: #000000;\">Ev Aletleri katagorisinde bulunan beyaz e\u015fyalar s\u0131ralamas\u0131nda \u00e7\u00f6z\u00fcm\u00fcn\u00fc teknik destegini saglad\u0131g\u0131m\u0131z cihazlar s\u0131ras\u0131yla &#8221;<em><strong>Buzdolab\u0131, Klima , Termisifon, \u00c7ama\u015f\u0131r Makinesi, Bula\u015f\u0131k Makinas\u0131, F\u0131r\u0131n, Davlumbaz, Kombi, Ankastre, Derindondurucular ve ufak ev aletleri&#8221;<\/strong><\/em> ba\u015fta gelmektedir.<\/span><br \/>\n<span style=\"color: #000000;\">Biz Gaziantep Ar\u00e7elik beyaz esya servisi olarak \u015eahinbey ilindeki En profosyonel teknik ekibi sizlere sunman\u0131n gururu i\u00e7indeyiz.<\/span><br \/>\n<span style=\"color: #000000;\">Ar\u0131zal\u0131 Cihazlar\u0131n\u0131z i\u00e7in bizi aray\u0131n sizlere bir telefon kadar uzakl\u0131ktay\u0131z.<\/span><br \/>\n<span style=\"color: #000000;\">En Kaliteli En H\u0131zl\u0131 Teknik Destek \u0130\u00e7in <strong>\u015eahinbey Ar\u00e7elik Servisi<\/strong>\u2018ni Se\u00e7in.<\/span><\/p>\n<p><strong><span style=\"color: #ff0000;\"><span style=\"color: #000000;\"><span style=\"color: #ff0000;\">\u015eahinbey<\/span> <\/span>Ar\u00e7elik Klima Servisi<\/span><\/strong><\/p>\n<p><span style=\"color: #000000;\">Yaz k\u0131\u015f evlerimizin olmazsa olmaz\u0131 Klimalar\u0131m\u0131z\u0131n mutlaka belirli zamanlarda y\u0131ll\u0131k bak\u0131mlar\u0131n\u0131n yap\u0131lmas\u0131 gerekmektedir.Bak\u0131mlar\u0131 D\u00fczenli yap\u0131lan Klimalar uzun \u00f6m\u00fcrl\u00fc s\u0131k\u0131nt\u0131\u0131z \u00e7al\u0131\u015fmaya devam etmektedir.Bir Ar\u0131za durumunda \u015eahinbey Ar\u00e7elik servisimiz tam te\u00e7hizatl\u0131 ara\u00e7lam\u0131z ve tecr\u00fcbeli teknik servis elemanlar\u0131m\u0131z ile 7\/24 sizlerin hizmetinde olacakd\u0131r.<\/span><\/p>\n<p><strong><span style=\"color: #ff0000;\"><span style=\"color: #000000;\"><span style=\"color: #ff0000;\">\u015eahinbey<\/span> <\/span>Ar\u00e7elik Beyaz E\u015fya Teknik Servisi<\/span><\/strong><\/p>\n<p><span style=\"color: #000000;\"><strong><em>Beyaz e\u015fya<\/em><\/strong> markalar\u0131n\u0131n ba\u015f\u0131nda yer alan Ar\u00e7elik markas\u0131 evlerimizde en \u00e7ok t\u00fcketim ara\u00e7lar\u0131n\u0131n en tepesinde yer almaktad\u0131r. Bizler ar\u0131za sonras\u0131 teknik servis saglayan <a href=\"http:\/\/www.beyazesyayetkiliservis.com\/arcelik\/\"><strong>Gaziantep Ar\u00e7elik beyaz e\u015fya servisi<\/strong><\/a> olarak sizlere en iyi hizmeti sunmay\u0131 ama\u00e7lamaktay\u0131z. Ar\u0131za sonras\u0131 ev adreslerinize y\u00f6nlendirdigimiz Ar\u00e7elik teknik personellerimiz cihazlar\u0131n ( %98 ) ine adreste kesin \u00e7\u00f6z\u00fcm \u00fcretebilmektedir, kalan ( %2 ) lik k\u0131sma ise yerinde tamirat\u0131 m\u00fcmk\u00fcn olmayan beyaz e\u015fya s\u0131fat\u0131na girdiklerinden dolay\u0131 Ar\u00e7elik beyaz e\u015fya atolyelerine getirilerek tamirat\u0131n\u0131 atolyelerimizdeki teknik personel taraf\u0131ndan yap\u0131l\u0131p sorunsuz \u015fekilde sizlere teslimat\u0131 yap\u0131lmaktad\u0131r. Atolyeye getirilen Ar\u00e7elik beyaz e\u015fyalar\u0131n\u0131n tamirat sonras\u0131 teste tabi tutulmadan sizlere kesinlikle getirilme.<\/span><\/p>\n<p><strong><span style=\"color: #ff0000;\">Beyaz E\u015fya Hizmetlerimiz<\/span><\/strong><\/p>\n<p><span style=\"color: #000000;\">\u015eahinbey Ar\u00e7elik Beyaz E\u015fya Servisi<\/span><\/p>\n<p><span style=\"color: #000000;\">\u015eahinbey Ar\u00e7elik \u00c7ama\u015f\u0131r Makinas\u0131 Servisi<\/span><\/p>\n<p><span style=\"color: #000000;\">\u015eahinbey Ar\u00e7elik Buzdolab\u0131 Servisi<\/span><\/p>\n<p><span style=\"color: #000000;\">\u015eahinbey Ar\u00e7elik F\u0131r\u0131n Servisi<\/span><\/p>\n<p><span style=\"color: #000000;\">\u015eahinbey Ar\u00e7elik Klima Servisi<\/span><\/p>\n<p><span style=\"color: #000000;\">\u015eahinbey Ar\u00e7elik Ankastre Servisi<\/span><\/p>\n<p><span style=\"color: #000000;\">\u015eahinbey Ar\u00e7elik Termosifon Servisi<\/span><\/p>\n<p><span style=\"color: #000000;\">\u015eahinbey Ar\u00e7elik Bula\u015f\u0131k Makinas\u0131 Servisi<\/span><\/p>\n<p><span style=\"color: #000000;\">\u015eahinbey Ar\u00e7elik Kombi Servisi<\/span><\/p>\n<p><span style=\"color: #000000;\">\u015eahinbey Ar\u00e7elik Servisi<\/span><\/p>\n","protected":false},"excerpt":{"rendered":"<div class=\"slide-text-bg2\">\n<h3>\u015eAH\u0130NBEY AR\u00c7EL\u0130K SERV\u0130S\u0130 GAZ\u0130ANTEP Gaziantep ilinde Ar\u00e7elik beyaz e\u015fya teknik servis hizmeti veren firmam\u0131z Ar\u00e7elik markas\u0131n\u0131n \u00f6zel servisligini yapmaktad\u0131r. \u015eahinbey<\/h3>\n<\/div>\n<div class=\"flex-btn-div\"><a href=\"https:\/\/www.beyazesyayetkiliservis.com\/arcelik\/sahinbey-servisi-gaziantep\/\" class=\"btn1 flex-btn\">Read More<\/a><\/div>\n","protected":false},"author":1,"featured_media":1303,"parent":0,"menu_order":0,"comment_status":"closed","ping_status":"closed","template":"","meta":{"spay_email":""},"jetpack_sharing_enabled":true,"jetpack_shortlink":"https:\/\/wp.me\/PamCIO-qv","jetpack-related-posts":[{"id":1581,"url":"https:\/\/www.beyazesyayetkiliservis.com\/arcelik\/sehitkamil-servisi-gaziantep\/","url_meta":{"origin":1643,"position":0},"title":"\u015eEH\u0130TKAM\u0130L","date":"Ekim 17, 2018","format":false,"excerpt":"\u015eEH\u0130TKAM\u0130L AR\u00c7EL\u0130K SERV\u0130S\u0130 GAZ\u0130ANTEP Gaziantep ilinde Ar\u00e7elik beyaz e\u015fya teknik servis hizmeti veren firmam\u0131z Ar\u00e7elik markas\u0131n\u0131n \u00f6zel servisligini yapmaktad\u0131r. \u015eehitkamil Ar\u00e7elik servisi olarak evlerinizde kullanmakta oldugunuz ev aletlerinin ar\u0131za \u00e7\u00f6z\u00fcmlerini sizlere biz sunuyoruz. Gaziantep Ilinin \u015eehitkamil b\u00f6lgesine servis ekibi g\u00f6nderimi yapan firmam\u0131z sizlere ar\u0131zal\u0131 cihazlar\u0131n\u0131z\u0131n teknik \u00e7\u00f6z\u00fcm\u00fc konusunda en \u00fcst\u2026","rel":"","context":"Benzer yaz\u0131","img":{"alt_text":"","src":"","width":0,"height":0},"classes":[]},{"id":1647,"url":"https:\/\/www.beyazesyayetkiliservis.com\/arcelik\/karatas-servisi-gaziantep\/","url_meta":{"origin":1643,"position":1},"title":"KARATA\u015e","date":"Nisan 16, 2019","format":false,"excerpt":"KARATA\u015e AR\u00c7EL\u0130K SERV\u0130S\u0130 GAZ\u0130ANTEP Gaziantep ilinde Ar\u00e7elik beyaz e\u015fya teknik servis hizmeti veren firmam\u0131z Ar\u00e7elik markas\u0131n\u0131n \u00f6zel servisligini yapmaktad\u0131r. Karata\u015f Ar\u00e7elik servisi olarak evlerinizde kullanmakta oldugunuz ev aletlerinin ar\u0131za \u00e7\u00f6z\u00fcmlerini sizlere biz sunuyoruz. Gaziantep Ilinin Karata\u015f b\u00f6lgesine servis ekibi g\u00f6nderimi yapan firmam\u0131z sizlere ar\u0131zal\u0131 cihazlar\u0131n\u0131z\u0131n teknik \u00e7\u00f6z\u00fcm\u00fc konusunda en \u00fcst\u2026","rel":"","context":"Benzer yaz\u0131","img":{"alt_text":"","src":"","width":0,"height":0},"classes":[]},{"id":1649,"url":"https:\/\/www.beyazesyayetkiliservis.com\/arcelik\/mervesehir-servisi-gaziantep\/","url_meta":{"origin":1643,"position":2},"title":"MERVE\u015eEH\u0130R","date":"Nisan 16, 2019","format":false,"excerpt":"MERVE\u015eEH\u0130R AR\u00c7EL\u0130K SERV\u0130S\u0130 GAZ\u0130ANTEP Gaziantep ilinde Ar\u00e7elik beyaz e\u015fya teknik servis hizmeti veren firmam\u0131z Ar\u00e7elik markas\u0131n\u0131n \u00f6zel servisligini yapmaktad\u0131r. Merve\u015fehir Ar\u00e7elik servisi olarak evlerinizde kullanmakta oldugunuz ev aletlerinin ar\u0131za \u00e7\u00f6z\u00fcmlerini sizlere biz sunuyoruz. Gaziantep Ilinin Merve\u015fehir b\u00f6lgesine servis ekibi g\u00f6nderimi yapan firmam\u0131z sizlere ar\u0131zal\u0131 cihazlar\u0131n\u0131z\u0131n teknik \u00e7\u00f6z\u00fcm\u00fc konusunda en \u00fcst\u2026","rel":"","context":"Benzer yaz\u0131","img":{"alt_text":"","src":"","width":0,"height":0},"classes":[]},{"id":1651,"url":"https:\/\/www.beyazesyayetkiliservis.com\/arcelik\/akyol-servisi-gaziantep\/","url_meta":{"origin":1643,"position":3},"title":"AKYOL","date":"Nisan 18, 2019","format":false,"excerpt":"AKYOL AR\u00c7EL\u0130K SERV\u0130S\u0130 GAZ\u0130ANTEP Gaziantep ilinde Ar\u00e7elik beyaz e\u015fya teknik servis hizmeti veren firmam\u0131z Ar\u00e7elik markas\u0131n\u0131n \u00f6zel servisligini yapmaktad\u0131r. Akyol Ar\u00e7elik servisi olarak evlerinizde kullanmakta oldugunuz ev aletlerinin ar\u0131za \u00e7\u00f6z\u00fcmlerini sizlere biz sunuyoruz. Gaziantep Ilinin Akyol b\u00f6lgesine servis ekibi g\u00f6nderimi yapan firmam\u0131z sizlere ar\u0131zal\u0131 cihazlar\u0131n\u0131z\u0131n teknik \u00e7\u00f6z\u00fcm\u00fc konusunda en \u00fcst\u2026","rel":"","context":"Benzer yaz\u0131","img":{"alt_text":"","src":"","width":0,"height":0},"classes":[]},{"id":1653,"url":"https:\/\/www.beyazesyayetkiliservis.com\/arcelik\/binevler-servisi-gaziantep\/","url_meta":{"origin":1643,"position":4},"title":"B\u0130NEVLER","date":"Nisan 18, 2019","format":false,"excerpt":"B\u0130NEVLER AR\u00c7EL\u0130K SERV\u0130S\u0130 GAZ\u0130ANTEP Gaziantep ilinde Ar\u00e7elik beyaz e\u015fya teknik servis hizmeti veren firmam\u0131z Ar\u00e7elik markas\u0131n\u0131n \u00f6zel servisligini yapmaktad\u0131r. Binevler Ar\u00e7elik servisi olarak evlerinizde kullanmakta oldugunuz ev aletlerinin ar\u0131za \u00e7\u00f6z\u00fcmlerini sizlere biz sunuyoruz. Gaziantep Ilinin Binevler b\u00f6lgesine servis ekibi g\u00f6nderimi yapan firmam\u0131z sizlere ar\u0131zal\u0131 cihazlar\u0131n\u0131z\u0131n teknik \u00e7\u00f6z\u00fcm\u00fc konusunda en \u00fcst\u2026","rel":"","context":"Benzer yaz\u0131","img":{"alt_text":"","src":"","width":0,"height":0},"classes":[]},{"id":1671,"url":"https:\/\/www.beyazesyayetkiliservis.com\/arcelik\/guvenevler-servisi-gaziantep\/","url_meta":{"origin":1643,"position":5},"title":"G\u00dcVENEVLER","date":"Temmuz 1, 2019","format":false,"excerpt":"G\u00dcVENEVLER AR\u00c7EL\u0130K SERV\u0130S\u0130 GAZ\u0130ANTEP Gaziantep ilinde Ar\u00e7elik beyaz e\u015fya teknik servis hizmeti veren firmam\u0131z Ar\u00e7elik markas\u0131n\u0131n \u00f6zel servisligini yapmaktad\u0131r. G\u00fcvenevler Ar\u00e7elik servisi olarak evlerinizde kullanmakta oldugunuz ev aletlerinin ar\u0131za \u00e7\u00f6z\u00fcmlerini sizlere biz sunuyoruz. Gaziantep Ilinin G\u00fcvenevler b\u00f6lgesine servis ekibi g\u00f6nderimi yapan firmam\u0131z sizlere ar\u0131zal\u0131 cihazlar\u0131n\u0131z\u0131n teknik \u00e7\u00f6z\u00fcm\u00fc konusunda en \u00fcst\u2026","rel":"","context":"Benzer yaz\u0131","img":{"alt_text":"","src":"","width":0,"height":0},"classes":[]}],"_links":{"self":[{"href":"https:\/\/www.beyazesyayetkiliservis.com\/arcelik\/wp-json\/wp\/v2\/pages\/1643"}],"collection":[{"href":"https:\/\/www.beyazesyayetkiliservis.com\/arcelik\/wp-json\/wp\/v2\/pages"}],"about":[{"href":"https:\/\/www.beyazesyayetkiliservis.com\/arcelik\/wp-json\/wp\/v2\/types\/page"}],"author":[{"embeddable":true,"href":"https:\/\/www.beyazesyayetkiliservis.com\/arcelik\/wp-json\/wp\/v2\/users\/1"}],"replies":[{"embeddable":true,"href":"https:\/\/www.beyazesyayetkiliservis.com\/arcelik\/wp-json\/wp\/v2\/comments?post=1643"}],"version-history":[{"count":1,"href":"https:\/\/www.beyazesyayetkiliservis.com\/arcelik\/wp-json\/wp\/v2\/pages\/1643\/revisions"}],"predecessor-version":[{"id":1646,"href":"https:\/\/www.beyazesyayetkiliservis.com\/arcelik\/wp-json\/wp\/v2\/pages\/1643\/revisions\/1646"}],"wp:featuredmedia":[{"embeddable":true,"href":"https:\/\/www.beyazesyayetkiliservis.com\/arcelik\/wp-json\/wp\/v2\/media\/1303"}],"wp:attachment":[{"href":"https:\/\/www.beyazesyayetkiliservis.com\/arcelik\/wp-json\/wp\/v2\/media?parent=1643"}],"curies":[{"name":"wp","href":"https:\/\/api.w.org\/{rel}","templated":true}]}}